{"id":4,"date":"2019-10-23T14:38:41","date_gmt":"2019-10-23T14:38:41","guid":{"rendered":"http:\/\/s405136849.online.de\/willkommen-auf-http-s405136849-online-de"},"modified":"2026-02-01T20:14:31","modified_gmt":"2026-02-01T20:14:31","slug":"kfz-werkstatt-mit-langjaehriger-erfahrung","status":"publish","type":"page","link":"https:\/\/blomenkemper.com\/","title":{"rendered":"Blomenkemper"},"content":{"rendered":"\n<p class=\"has-vivid-red-color has-text-color has-link-color has-medium-font-size wp-elements-89c0897f668c445c3bf10f2af1913c91\"><\/p>\n\n\n\n<h3 class=\"wp-block-heading\">Kfz- Werkstatt<\/h3>\n\n\n\n<h3 class=\"wp-block-heading\">Unser&nbsp; Unternehmensziel&nbsp;<\/h3>\n\n\n\n<p>Kfz- Werkstatt mit&nbsp; langj\u00e4hriger Erfahrung bei der Instandsetzung  und Wartung von Personenkraftwagen aller Fabrikate. Seit mehr als 70  Jahren k\u00fcmmern wir uns als markenunabh\u00e4ngige Werkstatt um die Reparatur  und Instandhaltung&nbsp; von Fahrzeugen in Werne und Umgebung.&nbsp; <a href=\"https:\/\/blomenkemper.com\/autogas\">LPG-\/<\/a> CNG-,  Hybrid- oder Elektrofahrzeuge setzen wir f\u00fcr Sie instand. Dabei kennen  wir fast alle Systeme und k\u00f6nnen sie auch instand setzen. Als freie  Werkstatt k\u00f6nnen wir in vielen F\u00e4llen Ihr Fahrzeug nach  Herstellervorgaben mit Ersatzteilen in Erstausr\u00fcster-Qualit\u00e4t  preiswerter instand setzen als die Markenwerkstatt. Dabei setzen wir neuste Diagnosewerkzeuge und Verfahren ein. Dabei bekommen wir alle Informationen die auch die Markengebundene Werkstatt verwendet. Das Betrifft nicht nur Wartungspl\u00e4ne sondern auch alle anderen Informationen die laut Fahrgestell Nr. von den Fahrzeugherstellern zur Verf\u00fcgung gestellt werden.<\/p>\n\n\n\n<p><\/p>\n\n\n\n<p> In den  letzten Jahren (j\u00e4hrlich seit 2016) haben sie uns Ihr Vertrauen geschenkt, w\u00e4hlen Sie uns auch in diesem Jahr wieder zur Werkstatt Ihres Vertrauens.<\/p>\n\n\n<div class=\"wp-block-image is-resized\">\n<figure class=\"aligncenter size-full\"><a href=\"https:\/\/werkstatt-des-vertrauens.de\/?searchByLocation=59368&amp;searchByName=Blomenkemper&amp;countryChoice=Germany\"><img loading=\"lazy\" decoding=\"async\" width=\"299\" height=\"168\" src=\"https:\/\/blomenkemper.com\/wp-content\/uploads\/2026\/02\/WdV2027.png\" alt=\"\" class=\"wp-image-601\"\/><\/a><figcaption class=\"wp-element-caption\">W\u00e4hlen Sie uns auch in diesem Jahr wieder zur Werkstatt Ihres Vertrauens f\u00fcr 2027<\/figcaption><\/figure>\n<\/div>\n\n\n<p>Unser Meisterbetrieb ist Mitglied der KFZ- Innung  Dortmund\/ L\u00fcnen. <\/p>\n\n\n\n<hr class=\"wp-block-separator has-css-opacity\"\/>\n\n\n\n<div class=\"wp-block-image\">\n<figure class=\"aligncenter is-resized\">\n<table id=\"Tabelle1\" class=\"nof-wrap-left aligncenter\" style=\"border-style: none; border-color: #ffffff; background-color: #ffffff; width: 100.192%; height: 308px;\">\n<tbody>\n<tr style=\"height: 201px;\">\n<td id=\"Zelle1\" style=\"width: 160.45px; height: 161px;\">\n<p><img loading=\"lazy\" decoding=\"async\" class=\"alignnone size-full wp-image-560\" src=\"https:\/\/blomenkemper.com\/wp-content\/uploads\/2026\/02\/WdV2026.png\" alt=\"\" width=\"170\" height=\"183\"><\/p>\n<\/td>\n<td id=\"Zelle2\" style=\"width: 130.217px; height: 161px;\">\n<p><img loading=\"lazy\" decoding=\"async\" class=\"aligncenter wp-image-34 size-full\" src=\"https:\/\/blomenkemper.com\/wp-content\/uploads\/2019\/03\/Innung1.gif\" alt=\"Kraftfarzeug Gewerbe\" width=\"135\" height=\"119\"><\/p>\n<\/td>\n<td id=\"Zelle3\" style=\"width: 157.333px; height: 161px;\">\n<p><img loading=\"lazy\" decoding=\"async\" class=\"aligncenter wp-image-229 size-full\" src=\"https:\/\/blomenkemper.com\/wp-content\/uploads\/2019\/04\/Hella-Logo-SP-145.jpg\" alt=\"Hella Service Partner\" width=\"145\" height=\"121\"><\/p>\n<\/td>\n<\/tr>\n<tr style=\"height: 116px;\">\n<td id=\"Zelle4\" style=\"width: 160.45px; height: 63px;\">\n<p style=\"text-align: center;\">gew\u00e4hlt von unseren Kunden<\/p>\n<\/td>\n<td id=\"Zelle5\" style=\"width: 130.217px; height: 63px;\">\n<p style=\"text-align: center;\">Meisterbetrieb<br>der Kfz- Innung<\/p>\n<\/td>\n<td id=\"Zelle6\" style=\"width: 157.333px; height: 63px;\">\n<p style=\"text-align: center;\">HELLA &#8211; Service Partner<\/p>\n<\/td>\n<\/tr>\n<\/tbody>\n<\/table>\n<\/figure>\n<\/div>\n","protected":false},"excerpt":{"rendered":"<p>Kfz- Werkstatt Unser&nbsp; Unternehmensziel&nbsp; Kfz- Werkstatt mit&nbsp; langj\u00e4hriger Erfahrung bei der Instandsetzung und Wartung von Personenkraftwagen aller Fabrikate. Seit mehr als 70 Jahren k\u00fcmmern wir uns als markenunabh\u00e4ngige Werkstatt um die Reparatur und Instandhaltung&nbsp; von Fahrzeugen in Werne und Umgebung.&nbsp; LPG-\/ CNG-, Hybrid- oder Elektrofahrzeuge setzen wir f\u00fcr Sie instand. Dabei kennen wir fast alle [&hellip;]<\/p>\n","protected":false},"author":10,"featured_media":0,"parent":0,"menu_order":0,"comment_status":"closed","ping_status":"closed","template":"","meta":{"footnotes":""},"class_list":["post-4","page","type-page","status-publish","czr-hentry"],"_links":{"self":[{"href":"https:\/\/blomenkemper.com\/index.php?rest_route=\/wp\/v2\/pages\/4","targetHints":{"allow":["GET"]}}],"collection":[{"href":"https:\/\/blomenkemper.com\/index.php?rest_route=\/wp\/v2\/pages"}],"about":[{"href":"https:\/\/blomenkemper.com\/index.php?rest_route=\/wp\/v2\/types\/page"}],"author":[{"embeddable":true,"href":"https:\/\/blomenkemper.com\/index.php?rest_route=\/wp\/v2\/users\/10"}],"replies":[{"embeddable":true,"href":"https:\/\/blomenkemper.com\/index.php?rest_route=%2Fwp%2Fv2%2Fcomments&post=4"}],"version-history":[{"count":65,"href":"https:\/\/blomenkemper.com\/index.php?rest_route=\/wp\/v2\/pages\/4\/revisions"}],"predecessor-version":[{"id":610,"href":"https:\/\/blomenkemper.com\/index.php?rest_route=\/wp\/v2\/pages\/4\/revisions\/610"}],"wp:attachment":[{"href":"https:\/\/blomenkemper.com\/index.php?rest_route=%2Fwp%2Fv2%2Fmedia&parent=4"}],"curies":[{"name":"wp","href":"https:\/\/api.w.org\/{rel}","templated":true}]}}