{"id":37,"date":"2019-03-10T22:00:59","date_gmt":"2019-03-10T22:00:59","guid":{"rendered":"http:\/\/s405136849.online.de\/?page_id=37"},"modified":"2019-03-10T22:06:15","modified_gmt":"2019-03-10T22:06:15","slug":"wartung-inspektion","status":"publish","type":"page","link":"https:\/\/blomenkemper.com\/?page_id=37","title":{"rendered":"Wartung\/ Inspektion"},"content":{"rendered":"\n<p>Die Wartung erfolgt nach den Wartungsvorgaben der Fahrzeughersteller f\u00fcr Ihr Fahrzeug. Dabei nehmen wir alle Komponenten unter die Lupe und f\u00fchren notwendige Instandsetzungen nach Absprache und voherigen Kostenvoranschlag durch. Zum Beispiel an Motor, Z\u00fcndung, Elektronik und Bremsen. Alle Arbeiten werden von geschultem Fachpersonal mit modernen Pr\u00fcfger\u00e4ten und Werkzeugen durchgef\u00fchrt. Die Inspektion wird in Ihrem Fahrzeug-Serviceheft eingetragen. Die Herstellergarantie bleibt dabei erhalten.<\/p>\n","protected":false},"excerpt":{"rendered":"","protected":false},"author":10,"featured_media":0,"parent":0,"menu_order":0,"comment_status":"closed","ping_status":"closed","template":"","meta":{"footnotes":""},"class_list":["post-37","page","type-page","status-publish","czr-hentry"],"_links":{"self":[{"href":"https:\/\/blomenkemper.com\/index.php?rest_route=\/wp\/v2\/pages\/37","targetHints":{"allow":["GET"]}}],"collection":[{"href":"https:\/\/blomenkemper.com\/index.php?rest_route=\/wp\/v2\/pages"}],"about":[{"href":"https:\/\/blomenkemper.com\/index.php?rest_route=\/wp\/v2\/types\/page"}],"author":[{"embeddable":true,"href":"https:\/\/blomenkemper.com\/index.php?rest_route=\/wp\/v2\/users\/10"}],"replies":[{"embeddable":true,"href":"https:\/\/blomenkemper.com\/index.php?rest_route=%2Fwp%2Fv2%2Fcomments&post=37"}],"version-history":[{"count":1,"href":"https:\/\/blomenkemper.com\/index.php?rest_route=\/wp\/v2\/pages\/37\/revisions"}],"predecessor-version":[{"id":38,"href":"https:\/\/blomenkemper.com\/index.php?rest_route=\/wp\/v2\/pages\/37\/revisions\/38"}],"wp:attachment":[{"href":"https:\/\/blomenkemper.com\/index.php?rest_route=%2Fwp%2Fv2%2Fmedia&parent=37"}],"curies":[{"name":"wp","href":"https:\/\/api.w.org\/{rel}","templated":true}]}}