{"id":3,"date":"2019-03-10T19:09:45","date_gmt":"2019-03-10T19:09:45","guid":{"rendered":"http:\/\/s405136849.online.de\/?page_id=3"},"modified":"2019-03-10T21:12:45","modified_gmt":"2019-03-10T21:12:45","slug":"privacy-policy","status":"publish","type":"page","link":"https:\/\/blomenkemper.com\/?page_id=3","title":{"rendered":"Datenchutzerkl\u00e4rung"},"content":{"rendered":"\n<p><br><strong>Datenschutzhinweise gem\u00e4\u00df Artikel 13 DSGVO auf Webseite<\/strong>n <br><br>Der\n Schutz der individuellen Privatsph\u00e4re bei der Verarbeitung \npersonenbezogener Daten ist f\u00fcr uns ein wichtiges Anliegen, das wir bei \nunseren Gesch\u00e4ftsprozessen mit hoher Aufmerksamkeit ber\u00fccksichtigen. \nDaher informieren wir Sie nachstehend \u00fcber die Verarbeitung Ihrer \npersonenbezogenen Daten und die Ihnen zustehenden datenschutzrechtlichen\n Anspr\u00fcche und Rechte. [1]<br><br><br><strong>I.Name und Kontaktdaten des Verantwortlichen&nbsp; [2<\/strong>]<br><br>F\u00fcr die Datenverarbeitung verantwortlich ist: <br><br>Kfz- &amp; Werbetechnik<br>A.Blomenkemper<br>L\u00fcnener Str. 19<br>59368 Werne<br>Tel:02389 533555<br>Mail:ab@blomenkemper.com<br><br><br><strong>II. Kontaktdaten des Datenschutzbeauftragten (sofern Benennung erforderlich) [<\/strong>3]<br><br>Nicht erforderlich<br><br><br><strong>III.Allgemeines zur Datenverarbeitun<\/strong>g<br><br><br>1. Zweck der Verarbeitung von personenbezogenen Daten<br><br>Soweit\n Sie uns personenbezogene Daten zur Verf\u00fcgung gestellt haben, verwenden \nwir diese ausschlie\u00dflich zum Zweck der technischen Administration \nunserer Webseiten und zur Erf\u00fcllung Ihrer W\u00fcnsche und Anfor-derungen, \nalso in der Regel zur Beantwortung Ihrer Anfrage.<br><br>2. Rechtsgrundlage f\u00fcr die Verarbeitung personenbezogener Daten<br><br>Soweit\n wir f\u00fcr Verarbeitungsvorg\u00e4nge personenbezogener Daten eine Einwilligung\n von Ihnen einholen, dient Art. 6 Abs. 1 lit. a \nEU-Datenschutzgrundverordnung (DSGVO) als Rechtsgrundlage f\u00fcr die \nVerarbeitung personenbezogener Daten. Bei der Verarbeitung von \npersonenbezogenen Daten, die zur Erf\u00fcllung eines Vertrages erforderlich \nist, dessen Vertragspartei Sie sind, dient Art. 6 Abs. 1 lit. b DSGVO \nals Rechtsgrundlage. Dies gilt auch f\u00fcr Verarbeitungsvorg\u00e4nge, die zur \nDurchf\u00fchrung vorvertraglicher Ma\u00dfnahmen erforderlich sind. Soweit eine \nVerarbeitung personenbezogener Daten zur Erf\u00fcllung einer rechtlichen \nVerpflichtung erforderlich ist, der unser Unternehmen unterliegt, dient \nArt. 6 Abs. 1 lit. c DSGVO als Rechtsgrundlage.<br>Ist die Verarbeitung \nzur Wahrung eines berechtigten Interesses unseres Unternehmens oder \neines Dritten erforderlich und \u00fcberwiegen Ihre Interessen, Grundrechte \nund Grundfreiheiten das erstgenannte Interesse nicht, so dient Art. 6 \nAbs. 1 lit. f DSGVO als Rechtsgrundlage f\u00fcr die Verarbeitung. <br><br>3. Empf\u00e4nger oder Kategorien von Empf\u00e4ngern der personenbezogenen Daten<br><br>Innerhalb\n von Kfz- &amp; Werbetechnik A.Blomenkemper erhalten diejenigen \nMitarbeiter Zugriff auf Ihre Daten, die diese zur Erf\u00fcllung Ihrer \nW\u00fcnsche und Anforderungen ben\u00f6tigen. Auch von uns eingesetzte \nDienstleister und Erf\u00fcllungsgehilfen k\u00f6nnen zu diesen Zwecken Daten \nerhalten.<br><br>Eine Weitergabe oder sonstige \u00dcbermittlung Ihrer personenbezogenen Daten an Dritte erfolgt nicht, es sei denn, dass <br><br>\u2022dies\n zum Zwecke der Vertragsabwicklung erforderlich ist. So kann es \nbeispielsweise erforderlich sein, dass wir bei Bestellungen von \nProdukten Ihre Fahrzeugdaten an unsere Lieferanten weitergeben;<br>\u2022Sie zuvor eingewilligt haben. <br><br>4. Speicherdauer<br><br>Ihre\n personenbezogenen Daten werden gel\u00f6scht oder gesperrt, sobald der Zweck\n der Speicherung entf\u00e4llt. Eine Speicherung kann dar\u00fcber hinaus \nerfolgen, wenn dies durch den europ\u00e4ischen oder nationalen Ge-setzgeber \nin unionsrechtlichen Verordnungen, Gesetzen oder sonstigen Vorschriften,\n denen wir unterliegen, vorgesehen wurde. Eine Sperrung oder L\u00f6schung \nder Daten erfolgt auch dann, wenn eine durch die genannten Normen \nvorgeschriebene Speicherfrist abl\u00e4uft, es sei denn, dass eine \nErforderlichkeit zur weite-ren Speicherung der Daten f\u00fcr einen \nVertragsabschluss oder eine Vertragserf\u00fcllung besteht.<br><br><br><strong>IV. Konkrete Datenverarbeitungen (soweit zutreffend) [4<\/strong>]<br><br><br>1. Bereitstellung der Webseite und Erstellung von Logfiles <br><br>a) Beschreibung und Umfang der Datenverarbeitung<br>Bei\n jedem Aufruf unserer Internetseite erfasst unser System automatisiert \nDaten und Informationen vom Computersystem des aufrufenden Rechners. <br><br>Folgende Daten werden hierbei erhoben:<br><br>(1)Informationen \u00fcber den Browsertyp und die verwendete Version<br>(2)Das Betriebssystem des Nutzers<br>(3)Die IP-Adresse des Nutzers<br>(4)Datum und Uhrzeit des Zugriffs<br>(5)Websites, von denen das System des Nutzers auf unsere Internetseite gelangt <br>(6)Websites, die vom System des Nutzers \u00fcber unsere Website aufgerufen werden<br><br>Die\n Daten werden ebenfalls in den Logfiles unseres Systems gespeichert. \nEine Speicherung dieser Daten zusammen mit anderen personenbezogenen \nDaten des Nutzers findet nicht statt.<br><br>b) Rechtsgrundlage f\u00fcr die Datenverarbeitung <br>Rechtsgrundlage f\u00fcr die vor\u00fcbergehende Speicherung der Daten und der Logfiles ist Art. 6 Abs. 1 lit. f DSG-VO.<br><br>c) Zweck der Datenverarbeitung<br>Die\n vor\u00fcbergehende Speicherung der IP-Adresse durch das System ist \nnotwendig, um eine Auslieferung der Website an den Rechner des Nutzers \nzu erm\u00f6glichen. Hierf\u00fcr muss die IP-Adresse des Nutzers f\u00fcr die Dauer \nder Sitzung gespeichert bleiben. <br><br>Die Speicherung in Logfiles \nerfolgt, um die Funktionsf\u00e4higkeit der Website sicherzustellen. Zudem \ndienen uns die Daten zur Optimierung der Website und zur Sicherstellung \nder Sicherheit unserer informationstech-nischen Systeme. Eine Auswertung\n der Daten zu Marketingzwecken findet in diesem Zusammenhang nicht \nstatt. <br><br>In diesen Zwecken liegt auch unser berechtigtes Interesse an der Datenverarbeitung nach Art. 6 Abs. 1 lit. f DSGVO.<br><br>d) Dauer der Speicherung<br>Die\n Daten werden gel\u00f6scht, sobald sie f\u00fcr die Erreichung des Zweckes ihrer \nErhebung nicht mehr erforderlich sind. Im Falle der Erfassung der Daten \nzur Bereitstellung der Website ist dies der Fall, wenn die jeweilige \nSitzung beendet ist. <br>Im Falle der Speicherung der Daten in Logfiles ist dies nach sp\u00e4testens [3 Monaten] der Fall. <br><br>e) Widerspruchs- und Beseitigungsm\u00f6glichkeit<br>Die\n Erfassung der Daten zur Bereitstellung der Website und die Speicherung \nder Daten in Logfiles ist f\u00fcr den Betrieb der Internetseite zwingend \nerforderlich. Es besteht folglich seitens des Nutzers keine \nWider-spruchsm\u00f6glichkeit. <br><br><br>2. Verwendung von Cookies [5] <br><br><br>a) Beschreibung und Umfang der Datenverarbeitung<br>Unsere\n Webseite verwendet Cookies. Bei Cookies handelt es sich um Textdateien,\n die im Internetbrowser bzw. vom Internetbrowser auf dem Computersystem \ndes Nutzers gespeichert werden. Ruft ein Nutzer eine Website auf, so \nkann ein Cookie auf dem Betriebssystem des Nutzers gespeichert werden. \nDieser Cookie enth\u00e4lt eine charakteristische Zeichenfolge, die eine \neindeutige Identifizierung des Browsers beim erneuten Aufrufen der \nWebsite erm\u00f6glicht. <br><br>b) Rechtsgrundlage f\u00fcr die Datenverarbeitung <br>Die\n Rechtsgrundlage f\u00fcr die Verarbeitung personenbezogener Daten unter \nVerwendung technisch notweni-ger Cookies ist Art. 6 Abs. 1 lit. f DSGVO.<br>Die\n Rechtsgrundlage f\u00fcr die Verarbeitung personenbezogener Daten unter \nVerwendung von Cookies zu Analysezwecken ist bei Vorliegen einer \ndiesbez\u00fcglichen Einwilligung des Nutzers Art. 6 Abs. 1 lit. a DSGVO.<br><br>In\n diesen Zwecken liegt auch unser berechtigtes Interesse in der \nVerarbeitung der personenbezogenen Daten nach Art. 6 Abs. 1 lit. f \nDSGVO. <br><br>e) Dauer der Speicherung, Widerspruchs- und Beseitigungsm\u00f6glichkeit<br>Cookies\n werden auf dem Rechner des Nutzers gespeichert und von diesem an \nunserer Seite \u00fcbermittelt. Daher haben Sie als Nutzer auch die volle \nKontrolle \u00fcber die Verwendung von Cookies. Durch eine \u00c4nderung der \nEinstellungen in Ihrem Internetbrowser k\u00f6nnen Sie die \u00dcbertragung von \nCookies deaktivieren oder einschr\u00e4nken. Bereits gespeicherte Cookies \nk\u00f6nnen jederzeit gel\u00f6scht werden. Dies kann auch automatisiert erfolgen.\n Werden Cookies f\u00fcr unsere Website deaktiviert, k\u00f6nnen m\u00f6glicherweise \nnicht mehr alle Funktionen der Website vollumf\u00e4nglich genutzt werden.<br><br><br><strong>4. Kontaktformular oder E-Mail-Kontakt<\/strong><br><br>a) Beschreibung und Umfang der Datenverarbeitung<br>fals\n auf&nbsp; unserer Internetseite ein Kontaktformular vorhanden ist, welches \nf\u00fcr die elektronische Kontaktauf-nahme genutzt werden kann. Es werden \ndie in der Eingabemaske eingegeben Daten an uns \u00fcbermittelt und \ngespeichert. Diese Daten sind:<br><br>Kontaktformular: <br>\u2022E-Mail Adresse <br>\u2022Ihre Nachricht, <br>\u2022optional Ihr Name<br><br>R\u00fcckrufbitte<br>\u2022Telefonnummer<br>\u2022E-Mail Adresse<br>\u2022Ihr Name <br>\u2022Ihre Nachricht<br><br>Im Zeitpunkt der Absendung der Nachricht werden zudem folgende Daten gespeichert:<br><br>(1)Die IP-Adresse des Nutzers<br>(2)Datum und Uhrzeit der Registrierung<br><br>Alternativ\n ist eine Kontaktaufnahme \u00fcber die bereitgestellte E-Mail-Adresse \nm\u00f6glich. In diesem Fall werden die mit der E-Mail \u00fcbermittelten \npersonenbezogenen Daten des Nutzers gespeichert. <br><br>Es verfolgt in \ndiesem Zusammenhang keine Weitergabe der Daten an Dritte. Die Daten \nwerden ausschlie\u00dflich f\u00fcr die Verarbeitung der Konversation verwendet.<br><br>b) Rechtsgrundlage f\u00fcr die Datenverarbeitung <br>Rechtsgrundlage f\u00fcr die Verarbeitung der Daten ist bei Vorliegen einer Einwilligung des Nutzers Art. 6 Abs. 1 lit. a DSGVO.<br><br>Rechtsgrundlage\n f\u00fcr die Verarbeitung der Daten, die im Zuge einer \u00dcbersendung einer \nE-Mail \u00fcbermittelt werden, ist Art. 6 Abs. 1 lit. f DSGVO. Zielt der \nE-Mail-Kontakt auf den Abschluss eines Vertrages ab, so ist zus\u00e4tzliche \nRechtsgrundlage f\u00fcr die Verarbeitung Art. 6 Abs. 1 lit. b DSGVO.<br><br>c) Zweck der Datenverarbeitung<br>Die\n Verarbeitung der personenbezogenen Daten aus der Eingabemaske dient uns\n allein zur Bearbeitung der Kontaktaufnahme. Im Falle einer \nKontaktaufnahme per E-Mail liegt hieran auch das erforderliche \nberechtigte Interesse an der Verarbeitung der Daten.<br>Die sonstigen \nw\u00e4hrend des Absendevorgangs verarbeiteten personenbezogenen Daten dienen\n dazu, einen Missbrauch des Kontaktformulars zu verhindern und die \nSicherheit unserer informationstechnischen Sys-teme sicherzustellen.<br><br>d) Dauer der Speicherung<br>Die\n Daten werden gel\u00f6scht, sobald sie f\u00fcr die Erreichung des Zweckes ihrer \nErhebung nicht mehr erforderlich sind. F\u00fcr die personenbezogenen Daten \naus der Eingabemaske des Kontaktformulars und diejenigen, die per E-Mail\n \u00fcbersandt wurden, ist dies dann der Fall, wenn die jeweilige \nKonversation mit dem Nutzer beendet ist. Beendet ist die Konversation \ndann, wenn sich aus den Umst\u00e4nden entnehmen l\u00e4sst, dass der betroffene \nSachverhalt abschlie\u00dfend gekl\u00e4rt ist <br><br>Die w\u00e4hrend des \nAbsendevorgangs zus\u00e4tzlich erhobenen personenbezogenen Daten werden \nsp\u00e4testens nach einer Frist von [90] Tagen gel\u00f6scht.<br><br>e) Widerspruchs- und Beseitigungsm\u00f6glichkeit<br>Sie\n haben jederzeit die M\u00f6glichkeit, Ihre Einwilligung zur Verarbeitung der\n personenbezogenen Daten zu widerrufen. Nehmen Sie per E-Mail Kontakt \nmit uns auf, so k\u00f6nnen Sie der Speicherung Ihrer personenbe-zogenen \nDaten jederzeit widersprechen. In einem solchen Fall kann die \nKonversation nicht fortgef\u00fchrt wer-den.<br><br>Alle personenbezogenen Daten, die im Zuge der Kontaktaufnahme gespeichert wurden, werden in diesem Fall gel\u00f6scht.<br><br><br><br><strong>V.Ihre Rechte<\/strong><br><br>Sie\n haben das Recht auf Auskunft gem\u00e4\u00df Artikel 15 DSGVO, das Recht auf \nBerichtigung gem\u00e4\u00df Artikel 16 DSGVO, das Recht auf L\u00f6schung gem\u00e4\u00df \nArtikel 17 DSGVO, das Recht auf Einschr\u00e4nkung der Verarbeitung gem\u00e4\u00df \nArtikel 18 DSGVO, das Recht auf Daten\u00fcbertragbarkeit gem\u00e4\u00df Artikel 20 \nDSGVO sowie das Recht auf Widerspruch gem\u00e4\u00df Artikel 21 DSGVO.&nbsp; <br><br>Eine\n erteilte Einwilligung in die Verarbeitung personenbezogener Daten \nk\u00f6nnen Sie jederzeit uns gegen\u00fcber widerrufen. Bitte beachten Sie, dass \nder Widerruf erst f\u00fcr die Zukunft wirkt. Datenverarbeitungen, die vor \ndem Widerruf erfolgt sind, sind davon nicht betroffen.<br><br>Zur Aus\u00fcbung Ihrer Rechte wenden Sie sich bitte an eine der unter Abschnitt I und II genannten Kontaktda-ten.<br><br>Wenn\n Sie der Auffassung sind, dass die Verarbeitung Ihrer Daten gegen das \nDatenschutzrecht verst\u00f6\u00dft oder Ihre datenschutzrechtlichen Anspr\u00fcche \nsonst in einer Weise verletzt worden sind, k\u00f6nnen Sie sich dar\u00fcber \nhinaus bei einer Aufsichtsbeh\u00f6rde beschweren. <br><br><br><strong>VI.Gibt es f\u00fcr Sie eine Pflicht zur Bereitstellung von personenbezogenen Date<\/strong>n?<br><br>Sie\n m\u00fcssen diejenigen personenbezogenen Daten bereitstellen, die f\u00fcr die \nAufnahme und Durchf\u00fchrung unserer Gesch\u00e4ftsbeziehung erforderlich sind \nund die wir f\u00fcr die Abwicklung des jeweiligen Auftrages ben\u00f6-tigen. \nSofern Sie uns Daten nicht zur Verf\u00fcgung stellen, m\u00fcssen wir den \nAbschluss eines Vertrages oder die Ausf\u00fchrung des Auftrages in der Regel\n ablehnen oder k\u00f6nnen einen bestehenden Vertrag nicht mehr durch-f\u00fchren \nund m\u00fcssen diesen folglich beenden. <\/p>\n\n\n\n<p><\/p>\n","protected":false},"excerpt":{"rendered":"<p>Datenschutzhinweise gem\u00e4\u00df Artikel 13 DSGVO auf Webseiten Der Schutz der individuellen Privatsph\u00e4re bei der Verarbeitung personenbezogener Daten ist f\u00fcr uns ein wichtiges Anliegen, das wir bei unseren Gesch\u00e4ftsprozessen mit hoher Aufmerksamkeit ber\u00fccksichtigen. Daher informieren wir Sie nachstehend \u00fcber die Verarbeitung Ihrer personenbezogenen Daten und die Ihnen zustehenden datenschutzrechtlichen Anspr\u00fcche und Rechte. [1] I.Name und Kontaktdaten [&hellip;]<\/p>\n","protected":false},"author":10,"featured_media":0,"parent":0,"menu_order":0,"comment_status":"closed","ping_status":"open","template":"","meta":{"footnotes":""},"class_list":["post-3","page","type-page","status-publish","czr-hentry"],"_links":{"self":[{"href":"https:\/\/blomenkemper.com\/index.php?rest_route=\/wp\/v2\/pages\/3","targetHints":{"allow":["GET"]}}],"collection":[{"href":"https:\/\/blomenkemper.com\/index.php?rest_route=\/wp\/v2\/pages"}],"about":[{"href":"https:\/\/blomenkemper.com\/index.php?rest_route=\/wp\/v2\/types\/page"}],"author":[{"embeddable":true,"href":"https:\/\/blomenkemper.com\/index.php?rest_route=\/wp\/v2\/users\/10"}],"replies":[{"embeddable":true,"href":"https:\/\/blomenkemper.com\/index.php?rest_route=%2Fwp%2Fv2%2Fcomments&post=3"}],"version-history":[{"count":1,"href":"https:\/\/blomenkemper.com\/index.php?rest_route=\/wp\/v2\/pages\/3\/revisions"}],"predecessor-version":[{"id":22,"href":"https:\/\/blomenkemper.com\/index.php?rest_route=\/wp\/v2\/pages\/3\/revisions\/22"}],"wp:attachment":[{"href":"https:\/\/blomenkemper.com\/index.php?rest_route=%2Fwp%2Fv2%2Fmedia&parent=3"}],"curies":[{"name":"wp","href":"https:\/\/api.w.org\/{rel}","templated":true}]}}