{"id":2,"date":"2019-03-10T19:09:45","date_gmt":"2019-03-10T19:09:45","guid":{"rendered":"http:\/\/s405136849.online.de\/?page_id=2"},"modified":"2019-12-22T22:53:02","modified_gmt":"2019-12-22T22:53:02","slug":"sample-page","status":"publish","type":"page","link":"https:\/\/blomenkemper.com\/?page_id=2","title":{"rendered":"GAP \/ GWP \/ GSP \/ G607"},"content":{"rendered":"\n<p><strong>GAP \/ GWP \/ GSP <br><\/strong>Wir f\u00fchren die regelm\u00e4\u00dfige Gasanlagenpr\u00fcfung\u00a0 f\u00fcr Fl\u00fcssiggas, Erdgas und Wasserstoff durch (GAP). <br>Bei uns bekommen Sie Unterst\u00fctzung bei der Eintragung Ihrer Gasanlage. Durchf\u00fchrung der  GSP, bei von uns eingebauten, bzw. durch uns ver\u00e4nderten Gasanlagen. Auch die T\u00fcv Eintragung k\u00f6nnen wir f\u00fcr Sie durchf\u00fchren. Wir  liefern Abgasgutachten soweit nach dem 01.10.2017 noch verf\u00fcgbar.<br>Auch bei der Erstellung, Wartung und Pr\u00fcfung von Fl\u00fcssiggasanlagen in Wohnwagen und Wohnmobilen nach G607 sind wir Ihre Partner. <\/p>\n\n\n\n<p>Die Gasanlagenpr\u00fcfung wird alle 2 Jahre vor der  Hauptuntersuchung durchgef\u00fchrt. Die GAP\/ GWP ist 3 Jahre g\u00fcltig, darf  aber zum Zeitpunkt der Hauptuntersuchung (HU) h\u00f6chstens 1 Jahr alt sein. Dabei wird die  komplette Anlage auf Dichtheit gepr\u00fcft. Gepr\u00fcft wird auch der Einbau,  inklusive Verlegung der Leitungen, Erf\u00fcllung der beh\u00f6rdlichen  Vorschriften und auf Scheuerstellen. \u00dcber die GAP wird ein Amtlich  anerkanntes Formular ausgestellt, welches durch ein Siegel und die  eingepr\u00e4gte Nummer des Pr\u00fcfbetriebes f\u00e4lschungserschwerend ist.<br><br>Unsere eigene Fl\u00fcssiggastankstelle steht Ihnen an 365 Tagen. Mit EC auch au\u00dferhalb der \u00d6ffnungszeiten zur Verf\u00fcgung<\/p>\n\n\n\n<p>Auszug aus dem<br><strong>DVGW &#8211; Arbeitsblatt G 607<\/strong><br><br>Technische Regeln \u201cFl\u00fcssiggasanlagen in Fahrzeugen\u201d<br>Fl\u00fcssigasanlagen\n in Wohnwagen und Reisemobilen sind alle 2 Jahre von einem zugelassenen \nSachkundigen zu \u00fcberpr\u00fcfen, da sonst die Betriebserlaubnis des \nFahrzeuges erlischt. Der Halter \/ Eigent\u00fcmer des Fahrzeuges ist zur \nEinhaltung der Pr\u00fcftermine verpflichtet. Dies gilt ebenfalls f\u00fcr \nFahrzeuge, die nicht zum \u00f6ffentlichen Verkehr zugelassen sind (z.B. auf \nCampingpl\u00e4tzen etc.).<\/p>\n","protected":false},"excerpt":{"rendered":"<p>GAP \/ GWP \/ GSP Wir f\u00fchren die regelm\u00e4\u00dfige Gasanlagenpr\u00fcfung\u00a0 f\u00fcr Fl\u00fcssiggas, Erdgas und Wasserstoff durch (GAP). Bei uns bekommen Sie Unterst\u00fctzung bei der Eintragung Ihrer Gasanlage. Durchf\u00fchrung der GSP, bei von uns eingebauten, bzw. durch uns ver\u00e4nderten Gasanlagen. Auch die T\u00fcv Eintragung k\u00f6nnen wir f\u00fcr Sie durchf\u00fchren. Wir liefern Abgasgutachten soweit nach dem 01.10.2017 [&hellip;]<\/p>\n","protected":false},"author":10,"featured_media":0,"parent":0,"menu_order":0,"comment_status":"closed","ping_status":"open","template":"","meta":{"footnotes":""},"class_list":["post-2","page","type-page","status-publish","czr-hentry"],"_links":{"self":[{"href":"https:\/\/blomenkemper.com\/index.php?rest_route=\/wp\/v2\/pages\/2","targetHints":{"allow":["GET"]}}],"collection":[{"href":"https:\/\/blomenkemper.com\/index.php?rest_route=\/wp\/v2\/pages"}],"about":[{"href":"https:\/\/blomenkemper.com\/index.php?rest_route=\/wp\/v2\/types\/page"}],"author":[{"embeddable":true,"href":"https:\/\/blomenkemper.com\/index.php?rest_route=\/wp\/v2\/users\/10"}],"replies":[{"embeddable":true,"href":"https:\/\/blomenkemper.com\/index.php?rest_route=%2Fwp%2Fv2%2Fcomments&post=2"}],"version-history":[{"count":4,"href":"https:\/\/blomenkemper.com\/index.php?rest_route=\/wp\/v2\/pages\/2\/revisions"}],"predecessor-version":[{"id":476,"href":"https:\/\/blomenkemper.com\/index.php?rest_route=\/wp\/v2\/pages\/2\/revisions\/476"}],"wp:attachment":[{"href":"https:\/\/blomenkemper.com\/index.php?rest_route=%2Fwp%2Fv2%2Fmedia&parent=2"}],"curies":[{"name":"wp","href":"https:\/\/api.w.org\/{rel}","templated":true}]}}