{"id":183,"date":"2019-04-20T15:31:17","date_gmt":"2019-04-20T15:31:17","guid":{"rendered":"http:\/\/s405136849.online.de\/?page_id=183"},"modified":"2019-12-21T21:52:08","modified_gmt":"2019-12-21T21:52:08","slug":"mechanik","status":"publish","type":"page","link":"https:\/\/blomenkemper.com\/?page_id=183","title":{"rendered":"Mechanik"},"content":{"rendered":"\n<div id=\"Text7LYR\" class=\"TextObject\">\n<p>Wir haben speziell geschultes Fachpersonal f\u00fcr alle Mechanik-Komponenten Ihres Fahrzeugs. Dar\u00fcber hinaus haben uns langj\u00e4hrige Erfahrung, der Einsatz moderner Pr\u00fcftechnik sowie unser umfangreiches technisches Daten-Know-how zu Experten in den Bereichen der Fahrzeugmechanik gemacht.\u00a0\u00a0 Mechanik-Komponenten<br \/>Wir verwenden nur Erstausr\u00fcster-Qualit\u00e4t<br \/>Bremsenteile<br \/>Abgasanlagen<br \/>Katalysatoren<br \/>Kupplungen im Austausch<br \/>Sto\u00dfd\u00e4mpfer<br \/>Starter und Generatoren<\/p>\n<\/div>\n<div id=\"Bild144LYR\"><img loading=\"lazy\" decoding=\"async\" class=\"aligncenter wp-image-233 size-full\" src=\"https:\/\/blomenkemper.com\/wp-content\/uploads\/2019\/04\/mechanik1.jpg\" alt=\"\" width=\"245\" height=\"171\" \/><\/div>\n","protected":false},"excerpt":{"rendered":"","protected":false},"author":10,"featured_media":0,"parent":0,"menu_order":0,"comment_status":"closed","ping_status":"closed","template":"","meta":{"footnotes":""},"class_list":["post-183","page","type-page","status-publish","czr-hentry"],"_links":{"self":[{"href":"https:\/\/blomenkemper.com\/index.php?rest_route=\/wp\/v2\/pages\/183","targetHints":{"allow":["GET"]}}],"collection":[{"href":"https:\/\/blomenkemper.com\/index.php?rest_route=\/wp\/v2\/pages"}],"about":[{"href":"https:\/\/blomenkemper.com\/index.php?rest_route=\/wp\/v2\/types\/page"}],"author":[{"embeddable":true,"href":"https:\/\/blomenkemper.com\/index.php?rest_route=\/wp\/v2\/users\/10"}],"replies":[{"embeddable":true,"href":"https:\/\/blomenkemper.com\/index.php?rest_route=%2Fwp%2Fv2%2Fcomments&post=183"}],"version-history":[{"count":3,"href":"https:\/\/blomenkemper.com\/index.php?rest_route=\/wp\/v2\/pages\/183\/revisions"}],"predecessor-version":[{"id":454,"href":"https:\/\/blomenkemper.com\/index.php?rest_route=\/wp\/v2\/pages\/183\/revisions\/454"}],"wp:attachment":[{"href":"https:\/\/blomenkemper.com\/index.php?rest_route=%2Fwp%2Fv2%2Fmedia&parent=183"}],"curies":[{"name":"wp","href":"https:\/\/api.w.org\/{rel}","templated":true}]}}