{"id":180,"date":"2019-04-20T15:30:04","date_gmt":"2019-04-20T15:30:04","guid":{"rendered":"http:\/\/s405136849.online.de\/?page_id=180"},"modified":"2019-04-20T15:30:04","modified_gmt":"2019-04-20T15:30:04","slug":"elektronik","status":"publish","type":"page","link":"https:\/\/blomenkemper.com\/?page_id=180","title":{"rendered":"Elektronik"},"content":{"rendered":"\n<p><b>Von ABS bis Zentralverriegelung<\/b> &#8211; die Elektrik\/Elektronik ist unser Thema<br \/>Von der urspr\u00fcnglichen Zielsetzung, einen leistungsf\u00e4higen Kundendienst f\u00fcr Bosch-Erzeugnisse zu sichern, haben wir uns zu einen modernen Servicebetrieb f\u00fcr nahezu alles rund ums Kraftfahrzeug entwickelt .\u00a0\u00a0\u00a0\u00a0 <br \/>Ein logischer Werdegang, denn die modernen Systeme des Kraftfahrzeuges werden mehr und mehr elektronisch geregelt und gesteuert. Eines von vielen Beispielen ist die Bremse. Durch Einf\u00fchrung von ABS wurde sie zum &#8222;High-Tech-System&#8220;, das die technische Kompetenz und die Erfahrung hochqualifizierter Fachleute erfordert. So ist es f\u00fcr uns selbstverst\u00e4ndlich, neben allen elektrischen und elektronischen Systemen, auch die damit zusammenh\u00e4ngenden mechanischen Komponenten zu beherrschen.<\/p>\n","protected":false},"excerpt":{"rendered":"","protected":false},"author":10,"featured_media":0,"parent":0,"menu_order":0,"comment_status":"closed","ping_status":"closed","template":"","meta":{"footnotes":""},"class_list":["post-180","page","type-page","status-publish","czr-hentry"],"_links":{"self":[{"href":"https:\/\/blomenkemper.com\/index.php?rest_route=\/wp\/v2\/pages\/180","targetHints":{"allow":["GET"]}}],"collection":[{"href":"https:\/\/blomenkemper.com\/index.php?rest_route=\/wp\/v2\/pages"}],"about":[{"href":"https:\/\/blomenkemper.com\/index.php?rest_route=\/wp\/v2\/types\/page"}],"author":[{"embeddable":true,"href":"https:\/\/blomenkemper.com\/index.php?rest_route=\/wp\/v2\/users\/10"}],"replies":[{"embeddable":true,"href":"https:\/\/blomenkemper.com\/index.php?rest_route=%2Fwp%2Fv2%2Fcomments&post=180"}],"version-history":[{"count":1,"href":"https:\/\/blomenkemper.com\/index.php?rest_route=\/wp\/v2\/pages\/180\/revisions"}],"predecessor-version":[{"id":182,"href":"https:\/\/blomenkemper.com\/index.php?rest_route=\/wp\/v2\/pages\/180\/revisions\/182"}],"wp:attachment":[{"href":"https:\/\/blomenkemper.com\/index.php?rest_route=%2Fwp%2Fv2%2Fmedia&parent=180"}],"curies":[{"name":"wp","href":"https:\/\/api.w.org\/{rel}","templated":true}]}}