{"id":174,"date":"2019-04-20T15:28:30","date_gmt":"2019-04-20T15:28:30","guid":{"rendered":"http:\/\/s405136849.online.de\/?page_id=174"},"modified":"2019-04-20T15:28:30","modified_gmt":"2019-04-20T15:28:30","slug":"klimaanlagen","status":"publish","type":"page","link":"https:\/\/blomenkemper.com\/?page_id=174","title":{"rendered":"Klimaanlagen"},"content":{"rendered":"\n<p>Prima Klima im Auto\u00a0\u00a0\u00a0 <br \/>\u00a0\u00a0\u00a0\u00a0 <br \/>Sicher und entspannt fahren:<br \/>selbst bei gro\u00dfer Hitze kein Problem!<br \/><br \/>Von den Vorteilen einer-Klimaanlage profitieren Sie \u00fcbrigens das ganze Jahr hindurch:<br \/>In den warmen Fr\u00fchlings- und Sommermonaten k\u00fchlt sie den Fahrzeuginnenraum angenehm herunter.<br \/>Im Herbst und Winter h\u00e4lt sie die Scheiben beschlagfrei und vermindert allzu hohe Luftfeuchtigkeit im Fahrzeuginnenraum. Sie fahren stets konzentriert und gelangen frisch und ausgeruht an Ihr Ziel. Auf diese Weise tr\u00e4gt eine Auto-Klimaanlage erheblich zur Verkehrssicherheit bei &#8211; und steigert ganz nebenbei den Wiederverkaufswert Ihres Fahrzeugs.<br \/>\u00a0<br \/><b>Klimaanlagen zum Nachr\u00fcsten<\/b>.<br \/><br \/>DIAVIA-Klimaanlagen werden speziell f\u00fcr den nachtr\u00e4glichen Einbau entwickelt. Sie zeichnen sich durch optimale K\u00fchlleistungen, lange Lebensdauer und gro\u00dfe Zuverl\u00e4ssigkeit aus. Das Programm des f\u00fchrenden europ\u00e4ischen Herstellers umfa\u00dft ma\u00dfgeschneiderte Modelle f\u00fcr mehr als 400 Fahrzeugtypen.<br \/>Die Nachr\u00fcstanlagen werden individuell der jeweiligen Fahrzeuggr\u00f6\u00dfe, der Motor- und Gebl\u00e4seleistung sowie weitestgehend der Innenraumausstattung angepa\u00dft.<br \/>Als Klimaspezialist sorgen wir f\u00fcr den fachgerechten Einbau Ihrer Klimaanlage, \u00fcbernehmen auch gern die regelm\u00e4\u00dfige Wartung und k\u00f6nnen Ihnen Nachr\u00fcst-Klimaanlagen zu wirklich attraktiven Komplettpreisen anbieten.<br \/><b>Experten Arbeit<\/b>\u00a0\u00a0\u00a0 <br \/>Fachkenntnis, Spezialwerkzeuge und Wartungstechnologie.<br \/><br \/>Klimaanlagen sind High-Tech- Komponenten der Fahrzeugausstattung. Der nachtr\u00e4gliche Einbau und die Wartungsarbeiten erfordern gro\u00dfes fachliches Know-how und eine spezielle Werkstattausr\u00fcstung.<br \/>Verlassen Sie sich auf unsere Kompetenz &#8211; gerade auch dann,<br \/>wenn es um den technisch und handwerklich perfekten Austausch von herk\u00f6mmlichem K\u00e4ltemittel gegen das neue FCKW-freie R 134a geht!<br \/>Eine umweltvertr\u00e4gliche Entsorgung Ihres alten K\u00e4ltemittels geh\u00f6rt zu unserem Leistungsumfang.<br \/>\u00a0 <br \/><b>Regelm\u00e4\u00dfige Wartung<\/b><br \/>Regelm\u00e4\u00dfige Wartung erh\u00e4lt die volle Leistungsf\u00e4higkeit Ihrer Klimaanlage. Bei uns sind Sie auch daf\u00fcr an der richtigen, kompetenten Adresse. Nutzen Sie unsere speziellen Angebote mindestens einmal j\u00e4hrlich, am besten im Fr\u00fchjahr.<br \/>Unsere geschulten Spezialisten k\u00fcmmern sich dabei intensiv um alle wichtigen Faktoren:<br \/>\u00a0<\/p>\n<ul>\n<li>Ausblastemperatur<\/li>\n<li>Verunreinigung am Kondensator<\/li>\n<li>Umluftbetrieb<\/li>\n<li>Antriebsriemen Kompressor<\/li>\n<li>Trockner\/Akkumulator<\/li>\n<li>Desinfektion<\/li>\n<\/ul>\n","protected":false},"excerpt":{"rendered":"","protected":false},"author":10,"featured_media":0,"parent":0,"menu_order":0,"comment_status":"closed","ping_status":"closed","template":"","meta":{"footnotes":""},"class_list":["post-174","page","type-page","status-publish","czr-hentry"],"_links":{"self":[{"href":"https:\/\/blomenkemper.com\/index.php?rest_route=\/wp\/v2\/pages\/174","targetHints":{"allow":["GET"]}}],"collection":[{"href":"https:\/\/blomenkemper.com\/index.php?rest_route=\/wp\/v2\/pages"}],"about":[{"href":"https:\/\/blomenkemper.com\/index.php?rest_route=\/wp\/v2\/types\/page"}],"author":[{"embeddable":true,"href":"https:\/\/blomenkemper.com\/index.php?rest_route=\/wp\/v2\/users\/10"}],"replies":[{"embeddable":true,"href":"https:\/\/blomenkemper.com\/index.php?rest_route=%2Fwp%2Fv2%2Fcomments&post=174"}],"version-history":[{"count":1,"href":"https:\/\/blomenkemper.com\/index.php?rest_route=\/wp\/v2\/pages\/174\/revisions"}],"predecessor-version":[{"id":176,"href":"https:\/\/blomenkemper.com\/index.php?rest_route=\/wp\/v2\/pages\/174\/revisions\/176"}],"wp:attachment":[{"href":"https:\/\/blomenkemper.com\/index.php?rest_route=%2Fwp%2Fv2%2Fmedia&parent=174"}],"curies":[{"name":"wp","href":"https:\/\/api.w.org\/{rel}","templated":true}]}}