{"id":168,"date":"2019-04-20T15:25:58","date_gmt":"2019-04-20T15:25:58","guid":{"rendered":"http:\/\/s405136849.online.de\/?page_id=168"},"modified":"2026-04-10T21:04:30","modified_gmt":"2026-04-10T21:04:30","slug":"hu-au","status":"publish","type":"page","link":"https:\/\/blomenkemper.com\/?page_id=168","title":{"rendered":"HU \/ AU"},"content":{"rendered":"\n<p>Ihr Auto wird von einem Sachverst\u00e4ndigen eine Pr\u00fcforganisation (GT\u00dc, T\u00dcV oder DEKRA) nach \u00a7 29 StVZO gepr\u00fcft. Auch Abnahmen nach \u00a7 21 bzw. \u00a7 19.2\/ \u00a7 19.3\u00a0 k\u00f6nnen durchgef\u00fchrt werden.<br \/><br \/>Wir f\u00fchren die gesetzlich vorgeschriebene Abgasuntersuchung <b>AU<\/b> nach \u00a7 47a StVZO durch<br \/>(wir berechnen kein Vorf\u00fchrungsgeb\u00fchr\/ B\u00fchnennutzung)<br \/>\u00a0<\/p>\n","protected":false},"excerpt":{"rendered":"<p>Ihr Auto wird von einem Sachverst\u00e4ndigen eine Pr\u00fcforganisation (GT\u00dc, T\u00dcV oder DEKRA) nach \u00a7 29 StVZO gepr\u00fcft. Auch Abnahmen nach \u00a7 21 bzw. \u00a7 19.2\/ \u00a7 19.3\u00a0 k\u00f6nnen durchgef\u00fchrt werden. Wir f\u00fchren die gesetzlich vorgeschriebene Abgasuntersuchung AU nach \u00a7 47a StVZO durch(wir berechnen kein Vorf\u00fchrungsgeb\u00fchr\/ B\u00fchnennutzung)\u00a0<\/p>\n","protected":false},"author":10,"featured_media":0,"parent":0,"menu_order":0,"comment_status":"closed","ping_status":"closed","template":"","meta":{"footnotes":""},"class_list":["post-168","page","type-page","status-publish","czr-hentry"],"_links":{"self":[{"href":"https:\/\/blomenkemper.com\/index.php?rest_route=\/wp\/v2\/pages\/168","targetHints":{"allow":["GET"]}}],"collection":[{"href":"https:\/\/blomenkemper.com\/index.php?rest_route=\/wp\/v2\/pages"}],"about":[{"href":"https:\/\/blomenkemper.com\/index.php?rest_route=\/wp\/v2\/types\/page"}],"author":[{"embeddable":true,"href":"https:\/\/blomenkemper.com\/index.php?rest_route=\/wp\/v2\/users\/10"}],"replies":[{"embeddable":true,"href":"https:\/\/blomenkemper.com\/index.php?rest_route=%2Fwp%2Fv2%2Fcomments&post=168"}],"version-history":[{"count":2,"href":"https:\/\/blomenkemper.com\/index.php?rest_route=\/wp\/v2\/pages\/168\/revisions"}],"predecessor-version":[{"id":613,"href":"https:\/\/blomenkemper.com\/index.php?rest_route=\/wp\/v2\/pages\/168\/revisions\/613"}],"wp:attachment":[{"href":"https:\/\/blomenkemper.com\/index.php?rest_route=%2Fwp%2Fv2%2Fmedia&parent=168"}],"curies":[{"name":"wp","href":"https:\/\/api.w.org\/{rel}","templated":true}]}}