{"id":135,"date":"2019-04-20T13:09:33","date_gmt":"2019-04-20T13:09:33","guid":{"rendered":"http:\/\/s405136849.online.de\/?page_id=135"},"modified":"2022-03-03T21:44:45","modified_gmt":"2022-03-03T21:44:45","slug":"chronik","status":"publish","type":"page","link":"https:\/\/blomenkemper.com\/?page_id=135","title":{"rendered":"Chronik"},"content":{"rendered":"\n<div id=\"Text516LYR\" class=\"TextObject\">\n<p><b>Chronik der Firma Blomenkemper<\/b><\/p>\n<ul>\n<li>15.04.1919<\/li>\n<\/ul>\n<p>Wilhelm Blomenkemper sen. wird in L\u00fcnen geboren<\/p>\n<ul>\n<li>01.10.1933<\/li>\n<\/ul>\n<p>Wilhelm Blomenkemper sen. beginnt\u00a0 seine Lehre als Motorenschlosser im\u00a0 elterlichen Betrieb. Nach einem halben Jahr an der Motorenfachschule\u00a0 in Bielefeld,\u00a0 folgt eine Ausbildung zum KFZ-Elektriker in M\u00fcnster, die\u00a0 Wilhelm Blomenkemper sen. mit der Gesellenpr\u00fcfung abschlie\u00dft<\/p>\n<ul>\n<li>07.02.1938<\/li>\n<\/ul>\n<p>Wilhelm Blomenkemper arbeitet als Geselle beim\u00c2\u00a0 Bosch-Dienst Eugen Boss in Dortmund.<\/p>\n<ul>\n<li>07.1939<\/li>\n<\/ul>\n<p>Einzug als Soldat zur Luftwaffe. W\u00e4hrend der Soldatenzeit wird Wilhelm Blomenkemper zum Flugzeugelektriker ausgebildet.<\/p>\n<ul>\n<li>1942-1945<\/li>\n<\/ul>\n<p>Versetzung zur Kraftfahrzeuginstandsetzung.<\/p>\n<ul>\n<li>05.1946<\/li>\n<\/ul>\n<p>Gr\u00fcndung einer eigenen Kfz-Werkstatt, die noch auf den v\u00e4terlichen Namen Theodor Blomenkemper gef\u00fchrt wird.<\/p>\n<p>17.08.1946<\/p>\n<p>Wilhelm Blomenkemper jun. wird in\u00a0 L\u00fcnen geboren. An eine dreij\u00e4hrige Lehre beim Bosch-Dienst Eugen Boss in Dortmund schlie\u00dft sich eine einj\u00e4hrige Ausbildung im Bosch-Werk in\u00a0 Stuttgart an. Wilhelm Blomenkemper jun. erwirbt das Kaufmannsdiplom an der\u00a0 Handelsschule und Arbeitet ein Jahr in der Bosch-Niederlassung in\u00a0 London.<\/p>\n<ul>\n<li>10.1946<\/li>\n<\/ul>\n<p>Die Firma wird auf den Namen: Wilhelm Blomenkemper &#8222;Auto-Licht-Z\u00fcndung&#8220; eingetragen.<\/p>\n<ul>\n<li>29.10.1946<\/li>\n<\/ul>\n<p>Die Firma wird amtlich von der Milit\u00e4rregierung best\u00e4tigt. Ihre Gr\u00f6\u00dfe betr\u00e4gt 40 qm. Zum Firmennamen &#8222;Auto-Licht-Z\u00fcndung&#8220; kommt der Zusatz &#8222;Bosch-Batterie-Dienst&#8220; von der Firma Eugen Boss.<\/p>\n<ul>\n<li>09.09.1947\u00a0<\/li>\n<\/ul>\n<p>Wilhelm Blomenkemper sen. macht seine Meisterpr\u00fcfung im KFZ-Handwerk.<\/p>\n<ul>\n<li>1948<\/li>\n<\/ul>\n<p>Die Firma wird durch den Bau einer Tankstelle erweitert. In der Tankstelle, Fabrikat Olex\u00a0 sind B\u00fcro und Ersatzteillager untergebracht.<\/p>\n<ul>\n<li>1950<\/li>\n<\/ul>\n<p>Eine Einbauhalle von 60 qm wird gebaut.<\/p>\n<ul>\n<li>1953<\/li>\n<\/ul>\n<p>Die Tankstelle bekommt zwei\u00a0 Pflegehallen, wor\u00fcber eine Wohnung gebaut wird. Die Familie zieht nun\u00a0 von der Graf Adolfstr. (heute Sparkasse Hauptstelle) zur Borker Str.<\/p>\n<ul>\n<li>1956<\/li>\n<\/ul>\n<p>Aus &#8222;Auto-Licht-Z\u00fcndung&#8220; wird der &#8222;Bosch-Dienst L\u00fcnen&#8220; Offizielle Vertreter des Hauses Bosch \u00fcberreichen den Vertrag.<\/p>\n<ul>\n<li>1959<\/li>\n<\/ul>\n<p>Die Firma wird um einen Verkaufsraum mit Ausstellung und Schaufenstern erweitert.<\/p>\n<ul>\n<li>1960<\/li>\n<\/ul>\n<p>Auf dem 3000 qm gro\u00dfen Grundst\u00fcck werden 7 Garagen gebaut<\/p>\n<ul>\n<li>1961\u00a0<\/li>\n<\/ul>\n<p>Der Bosch-Dienst-L\u00fcnen \u00fcbernimmt den Verkauf von Bosch Hausger\u00e4ten.<\/p>\n<ul>\n<li>1964<\/li>\n<\/ul>\n<p>Die Werkstatt wird gro\u00dfz\u00fcgig erweitert. Es entsteht eine Einbauhalle von 200 qm Fl\u00e4che, die alle notwendigen Pr\u00fcfst\u00e4nde aufweist. Der Betrieb hei\u00dft inzwischen &#8222;Bosch-Dienst f\u00fcr Kfz-Elektrik und Diesel sowie f\u00fcr Hausger\u00e4te&#8220;.<\/p>\n<ul>\n<li>1970<\/li>\n<\/ul>\n<p>Im hinteren Teil des Grundst\u00fcckes wird ein Bungalow erbaut. Wilhelm Blomenkemper jun. tritt in die Firma ein.<\/p>\n<ul>\n<li>15.02.1970<\/li>\n<\/ul>\n<p>Andreas Blomenkemper wird in L\u00fcnen geboren. Ebenso wie sein Vater beginnt er eine Lehre als Kfz-Elektriker beim Bosch-Dienst Eugen Boss in Dortmund. Daran schlie\u00dft sich eine sechsmonatige T\u00e4tigkeit im Bosch-Werk in Stuttgart an, wo er erfolgreich die Ausbildung zum Systemtechniker absolviert.<\/p>\n<ul>\n<li>1971<\/li>\n<\/ul>\n<p>Der Werkstatthof in der Gr\u00f6\u00dfe von 1500 qm wird mit Verbundpflaster ausgelegt.<\/p>\n<ul>\n<li>11.04.1972<\/li>\n<\/ul>\n<p>Wilhelm Blomenkemper jun. macht seine Meisterpr\u00fcfung im Kfz-Elektriker Handwerk.<\/p>\n<ul>\n<li>1974<\/li>\n<\/ul>\n<p>Die Wilhelm Blomenkemper KG wird gegr\u00fcndet. Die Firma \u00fcbernimmt den Verkauf und die Instandsetzung von Ebersbacher- Standheizungen.<\/p>\n<ul>\n<li>1977<\/li>\n<\/ul>\n<p>Von nun an erfolgen Verkauf, Instandsetzung und Montage von Bosch Garagentorantrieben, auf Wunsch auch mit Solarzellentechnik.<\/p>\n<ul>\n<li>1978<\/li>\n<\/ul>\n<p>\u00dcbernahme von Verkauf, Instandsetzung und wiederholenden Pr\u00fcfungen von Kienzle Fahrtenschreibern.<\/p>\n<ul>\n<li>22.11.1979<\/li>\n<\/ul>\n<p>Die Mitarbeiter der Firma Blomenkemper entwickeln und bauen in 150 Stunden Arbeit ein Elektroauto (&#8222;E-mobil&#8220;) zur Teilnahme an einen von Bosch ausgeschriebenen Wettbewerb.<\/p>\n<ul>\n<li>1980<\/li>\n<\/ul>\n<p>Die Tankstelle wird geschlossen. Der Verkauf wird erweitert; es entsteht eine Verkaufsfl\u00e4che von 100 qm. Durch die Erweiterung werden neue Arbeitspl\u00e4tze geschaffen. Gleichzeitig wird ein Leistungspr\u00fcfstand f\u00fcr PKW eingerichtet. Die Firma erh\u00e4lt den Zusatz: &#8220; Bosch-Dienst Markt mit Verkaufsberatung &#8222;.<\/p>\n<ul>\n<li>06.05.1983<\/li>\n<\/ul>\n<p>Gr\u00fcndung des Zweigbetriebes in Werne.<\/p>\n<ul>\n<li>1985<\/li>\n<\/ul>\n<p>Der erste Computer wird in der Firma eingerichtet.<\/p>\n<ul>\n<li>21.03.1990<\/li>\n<\/ul>\n<p>Der Firmengr\u00fcnder Wilhelm Blomenkemper sen. verstirbt.<\/p>\n<ul>\n<li>04.08.1990<\/li>\n<\/ul>\n<p>Das Citroen Autohaus Blomenkemper wird unter dem Namen &#8222;Blomenkemper GmbH&#8220; und unter der Leitung von Elisabeth Blomenkemper er\u00f6ffnet.<\/p>\n<ul>\n<li>13.10.1990<\/li>\n<\/ul>\n<p>Andreas Blomenkemper tritt in die Firma ein.<\/p>\n<ul>\n<li>01.08.1992<\/li>\n<\/ul>\n<p>Herr Plennis feiert sein 25 &#8211; j\u00e4hriges Dienstjubil\u00e4um. Zu diesem Anla\u00df findet eine Fahrt nach Coesfeld statt.<\/p>\n<ul>\n<li>13.10.1993<\/li>\n<\/ul>\n<p>Andreas Blomenkemper besteht seine Meisterpr\u00fcfung im Kfz-Elektriker-Handwerk.<\/p>\n<ul>\n<li>1995<\/li>\n<\/ul>\n<p>Der Gesch\u00e4ftsbereich wird umgebaut; ein neuer Durchgang zum &#8222;Citroen-Bereich&#8220; wird gebaut. Auch die Theke wird erneuert.<\/p>\n<ul>\n<li>1996<\/li>\n<\/ul>\n<p>Herr T\u00f6gemann, der seit 1983 Mitarbeiter der Firma ist, bekommt am 28.03.199 seinen Meisterbrief \u00fcberreicht. Die Firma Blomenkemper feiert ihr 50 &#8211; j\u00e4hriges Bestehen. Zu diesen Anlass erhalten alle Geb\u00e4ude einen neuen Anstrich.<\/p>\n<ul>\n<li>01.09.1997<\/li>\n<\/ul>\n<p>Eine Filiale in Selm wird gegr\u00fcndet.<\/p>\n<ul>\n<li>Juni 2000<\/li>\n<\/ul>\n<p>Der Bosch-Dienst Vertrag wird gek\u00fcndigt. Da Bosch keine zweite Firma (Citroen) im gleichen Geb\u00e4ude duldet.<\/p>\n<ul>\n<li>Juli 2000<\/li>\n<\/ul>\n<p>Der Kooperationsvertrag mit der AutoCrew wird unterzeichnet. Die AutoCrew ist ein junges dynamisches Unternehmen welches von den Erstausr\u00fcstern und anderen gro\u00dfen Firmen (z.B. Sachs, Hella u.a.) unterst\u00fctzt wird, geh\u00f6rt heute zu Bosch.<\/p>\n<ul>\n<li>August 2000<\/li>\n<\/ul>\n<p>Die Filiale in Selm wird geschlossen.<\/p>\n<ul>\n<li>Juni 2001<\/li>\n<\/ul>\n<p>Die Firma Blomenkemper GmbH und Blomenkemper KG werden zusammengef\u00fcgt, (Blomenkemper KG) um das Autogesch\u00e4ft, wie den Fahrzeugverkauf, die Reparatur und Wartung sowie die Autovermietung konzentriert weiter zu f\u00fchren.<\/p>\n<ul>\n<li>Januar 2002<\/li>\n<\/ul>\n<p>Der erste Folienplotter wird angeschafft. Urspr\u00fcnglich f\u00fcr eigene Werbung und um unseren Firmen-\/ Flottenkunden bei Unfallreparaturen schneller helfen zu k\u00f6nnen.<\/p>\n<ul>\n<li>01.08.2002<\/li>\n<\/ul>\n<p>Herr Plennis feiert seine 35. j\u00e4hrige Betriebszugeh\u00f6rigkeit.<\/p>\n<ul>\n<li>20.12.2003<\/li>\n<\/ul>\n<p>Ein zweiter Folienplotter wird angeschafft. Wir machen jetzt auch Schaufenster Beschriftungen<\/p>\n<ul>\n<li>Ende 2009<\/li>\n<\/ul>\n<p>Die AutoCrew wird von Bosch gekauft.<\/p>\n<ul>\n<li>M\u00e4rz 2010<\/li>\n<\/ul>\n<p>Der Vertrag mit der AutoCrew jetzt Bosch wird von uns beendet. Wir wechseln\u00a0 zum Konzept <a href=\"https:\/\/www.freie-werkstatt24.de\" target=\"_top\" rel=\"noopener noreferrer\">Freie\u00a0 Werkstatt<\/a> von VmA. F\u00fcr unsere Kunden bleibt alles beim alten.<\/p>\n<ul>\n<li>30.09.2011<\/li>\n<\/ul>\n<p>Der Werkstattbetrieb der W. Blomenkemper KG wird eingestellt.\u00a0 Die Fa.\u00a0 Kfz- &amp; Werbetechnik A. Blomenkemper\u00a0 zieht in den Betrieb nach Werne um.<\/p>\n<ul>\n<li>Dezember 2012<\/li>\n<\/ul>\n<p>Die LPG Tankstelle wird in Werne er\u00f6ffnet<\/p>\n<ul>\n<li>Sommer 2013<\/li>\n<\/ul>\n<p>Die Au\u00dfenfl\u00e4chen werden neu gestaltet<\/p>\n<ul>\n<li>Sommer 2014<\/li>\n<\/ul>\n<p>Die Geb\u00e4ude werden neu gestrichen. Es werden zus\u00e4tzliche Parkpl\u00e4tze geschaffen und der Gastank wird durch einen Zaun gesch\u00fctzt<\/p>\n<ul>\n<li>Fr\u00fchjahr 2016<\/li>\n<\/ul>\n<p>Wir bekommen die Auszeichnung Werkstatt des Vertraues 2016 verliehen, gew\u00e4hlt haben uns unsere Kunden, Vielen Dank.<\/p>\n<ul>\n<li>M\u00e4rz 2016<\/li>\n<\/ul>\n<p>Die Firma Ebersp\u00e4cher verleit uns den Status des silber Partners als Anerkennung f\u00fcr zahlreiche Einbauten und Reparaturen<\/p>\n<\/div>\n<ul>\n<li>Januar 2019<\/li>\n<\/ul>\n<p>Zum 4. mal w\u00e4hlten uns unsere Kunden zur Werkstatt des Vertrauens.<\/p>\n<p>So das wir auch in diesem Jahr das Siegel tragen d\u00fcrfen.<\/p>\n<ul>\n<li>April 2019<\/li>\n<\/ul>\n<p>Ein neuer Diagnosetester f\u00fcr alle Fahrzeuge wird angeschafft, damit wir auch in Zukunft alle Marken diagnostizieren und programieren k\u00f6nnen.<\/p>\n<ul>\n<li>Januar 2020<\/li>\n<\/ul>\n<p>Zum 5. mal w\u00e4hlten uns unsere Kunden zur Werkstatt des Vertrauens.<\/p>\n<p>So das wir auch in diesem Jahr das Siegel tragen d\u00fcrfen.<\/p>\n<ul>\n<li>Januar 2021<\/li>\n<\/ul>\n<p>Zum 6. mal w\u00e4hlten uns unsere Kunden zur Werkstatt des Vertrauens.<\/p>\n<p>So das wir auch in diesem Jahr das Siegel tragen d\u00fcrfen.<\/p>\n<ul>\n<li>Januar 2022<\/li>\n<\/ul>\n<p>Zum 7. mal w\u00e4hlten uns unsere Kunden zur Werkstatt des Vertrauens.<\/p>\n<p>So das wir auch in diesem Jahr das Siegel tragen d\u00fcrfen.<\/p>\n<p>\u00a0<\/p>\n<div id=\"Text516LYR\" class=\"TextObject\">\n<p>* Fortsetzung folg .<\/p>\n<\/div>\n","protected":false},"excerpt":{"rendered":"","protected":false},"author":10,"featured_media":0,"parent":0,"menu_order":0,"comment_status":"closed","ping_status":"closed","template":"","meta":{"footnotes":""},"class_list":["post-135","page","type-page","status-publish","czr-hentry"],"_links":{"self":[{"href":"https:\/\/blomenkemper.com\/index.php?rest_route=\/wp\/v2\/pages\/135","targetHints":{"allow":["GET"]}}],"collection":[{"href":"https:\/\/blomenkemper.com\/index.php?rest_route=\/wp\/v2\/pages"}],"about":[{"href":"https:\/\/blomenkemper.com\/index.php?rest_route=\/wp\/v2\/types\/page"}],"author":[{"embeddable":true,"href":"https:\/\/blomenkemper.com\/index.php?rest_route=\/wp\/v2\/users\/10"}],"replies":[{"embeddable":true,"href":"https:\/\/blomenkemper.com\/index.php?rest_route=%2Fwp%2Fv2%2Fcomments&post=135"}],"version-history":[{"count":3,"href":"https:\/\/blomenkemper.com\/index.php?rest_route=\/wp\/v2\/pages\/135\/revisions"}],"predecessor-version":[{"id":566,"href":"https:\/\/blomenkemper.com\/index.php?rest_route=\/wp\/v2\/pages\/135\/revisions\/566"}],"wp:attachment":[{"href":"https:\/\/blomenkemper.com\/index.php?rest_route=%2Fwp%2Fv2%2Fmedia&parent=135"}],"curies":[{"name":"wp","href":"https:\/\/api.w.org\/{rel}","templated":true}]}}