{"id":125,"date":"2019-04-20T12:44:09","date_gmt":"2019-04-20T12:44:09","guid":{"rendered":"http:\/\/s405136849.online.de\/?page_id=125"},"modified":"2024-03-12T14:31:20","modified_gmt":"2024-03-12T14:31:20","slug":"kontakt","status":"publish","type":"page","link":"https:\/\/blomenkemper.com\/?page_id=125","title":{"rendered":"Kontakt"},"content":{"rendered":"\n<div id=\"Text8LYR\" class=\"TextObject\">\n<p>Ihr Feedback ist unersetzlich f\u00fcr unsere Arbeit, wenn Sie Fragen oder Kommentare zu&nbsp; unseren Produkten und Leistungsf\u00e4higkeit oder der Website&nbsp; haben, wenden Sie sich bitte an uns.<\/p>\n<\/div>\n<div id=\"Text10LYR\" class=\"TextObject\">\n<p><b>Adresse:<\/b><\/p>\n<p>Kfz- &amp; Werbetechnik <br>A.Blomenkemper<br><br>L\u00fcnener Str. 19<br>59368 Werne<br>Tel. 02389533555<br>Fax 02389 4030953<br>ab@blomenkemper.com<\/p>\n<\/div>\n<div id=\"Text11LYR\" class=\"TextObject\">\n<p><b>Gesch\u00e4ftszeiten:<\/b><br>Montag &#8211; Donnerstag<br>8.15 &#8211; 13.00 und 14.00 &#8211; 16.45 Uhr<br>Freitag<br>8.15 &#8211; 14.00<br>Samstag geschlossen<\/p>\n<p><br><b>Tankstelle 24h \/ 365d<\/b><\/p>\n<\/div>\n","protected":false},"excerpt":{"rendered":"<p>Ihr Feedback ist unersetzlich f\u00fcr unsere Arbeit, wenn Sie Fragen oder Kommentare zu&nbsp; unseren Produkten und Leistungsf\u00e4higkeit oder der Website&nbsp; haben, wenden Sie sich bitte an uns. Adresse: Kfz- &amp; Werbetechnik A.Blomenkemper L\u00fcnener Str. 1959368 WerneTel. 02389533555Fax 02389 4030953ab@blomenkemper.com Gesch\u00e4ftszeiten:Montag &#8211; Donnerstag8.15 &#8211; 13.00 und 14.00 &#8211; 16.45 UhrFreitag8.15 &#8211; 14.00Samstag geschlossen Tankstelle 24h \/ [&hellip;]<\/p>\n","protected":false},"author":10,"featured_media":0,"parent":0,"menu_order":0,"comment_status":"closed","ping_status":"closed","template":"","meta":{"footnotes":""},"class_list":["post-125","page","type-page","status-publish","czr-hentry"],"_links":{"self":[{"href":"https:\/\/blomenkemper.com\/index.php?rest_route=\/wp\/v2\/pages\/125","targetHints":{"allow":["GET"]}}],"collection":[{"href":"https:\/\/blomenkemper.com\/index.php?rest_route=\/wp\/v2\/pages"}],"about":[{"href":"https:\/\/blomenkemper.com\/index.php?rest_route=\/wp\/v2\/types\/page"}],"author":[{"embeddable":true,"href":"https:\/\/blomenkemper.com\/index.php?rest_route=\/wp\/v2\/users\/10"}],"replies":[{"embeddable":true,"href":"https:\/\/blomenkemper.com\/index.php?rest_route=%2Fwp%2Fv2%2Fcomments&post=125"}],"version-history":[{"count":3,"href":"https:\/\/blomenkemper.com\/index.php?rest_route=\/wp\/v2\/pages\/125\/revisions"}],"predecessor-version":[{"id":591,"href":"https:\/\/blomenkemper.com\/index.php?rest_route=\/wp\/v2\/pages\/125\/revisions\/591"}],"wp:attachment":[{"href":"https:\/\/blomenkemper.com\/index.php?rest_route=%2Fwp%2Fv2%2Fmedia&parent=125"}],"curies":[{"name":"wp","href":"https:\/\/api.w.org\/{rel}","templated":true}]}}