{"id":119,"date":"2019-04-20T12:38:31","date_gmt":"2019-04-20T12:38:31","guid":{"rendered":"http:\/\/s405136849.online.de\/?page_id=119"},"modified":"2019-04-20T12:38:32","modified_gmt":"2019-04-20T12:38:32","slug":"werkstatt","status":"publish","type":"page","link":"https:\/\/blomenkemper.com\/?page_id=119","title":{"rendered":"Werkstatt"},"content":{"rendered":"\n<div id=\"Text482LYR\" class=\"TextObject\">\n<p>Kfz- &amp; Werbetechnik A. Blomenkemper bietet qualitativ hochwertige Arbeit und Ersatzteile. Wir Arbeiten Ausschlie\u00dflich nach Herstellervorgaben, es sei denn es wird ausdr\u00fccklich etwas anderes gew\u00fcnscht. Zur Verwendung kommen nur\u00a0 Originale Ersatzteile, oder Ersatzteile die gleichwertig mit der Erstausr\u00fcstung oder besser sind. Unsere Werkstatt ist mit modernster Mess- und Pr\u00fcftechnik ausgestattet. Wir k\u00f6nnen Fehlerspeicher, Parameter und Programierungen an fast allen g\u00e4ngigen auf dem Markt befindlichen Fahrzeugen durchf\u00fchren.<\/p>\n<\/div>\n<div id=\"Text506LYR\" class=\"TextObject\">\n<h4>Unser Leitbild<\/h4>\n<p><b>F\u00fchrung:<\/b> Bei Kfz- &amp; Werbetechnik erhalten Sie die Qualit\u00e4t und den Service, den Sie von einem Marktf\u00fchrer erwarten. Die wechselnden Anspr\u00fcche unserer Kunden sowie neue Marktchancen sorgen daf\u00fcr, dass sich unser Unternehmen st\u00e4ndig weiterentwickelt. Sie k\u00f6nnen sicher sein, dass Sie durch die Zusammenarbeit mit Kfz- &amp; Werbetechnik in den Genuss der neuesten Dienstleistungen, Technologien und Entwicklungen der Branche kommen werden.<\/p>\n<p><b>Kundenbetreuung:<\/b> Unsere h\u00f6chste Priorit\u00e4t ist die Zufriedenheit unserer Kunden. Sie sind uns wichtig und Sie k\u00f6nnen sich darauf verlassen, dass wir keine Anstrengungen scheuen, wenn es um Ihr Fahrzeug geht.\u00a0 Wir sind stolz darauf, f\u00fcr Sie zu arbeiten, und bem\u00fchen uns sehr, Sie auch weiterhin von uns zu \u00fcberzeugen.<\/p>\n<\/div>\n<div id=\"Text488LYR\" class=\"TextObject\">\n<h4><b>Service:<\/b><\/h4>\n<p><b>Wartung und Instandsetzung:<br \/><\/b><br \/>\u00a0\u00a0\u00a0 Inspektion\/ Wartung<br \/>\u00a0\u00a0\u00a0 T\u00fcv und AU<br \/>\u00a0\u00a0\u00a0 Gasanlagenpr\u00fcfung GAP\/ GWP<br \/>\u00a0\u00a0\u00a0 Gasabnahme nach G 607<br \/>\u00a0\u00a0\u00a0 Einspritzsysteme\/ Gemischaufbereitung<br \/>\u00a0\u00a0\u00a0 Elektrik \/ Elektronik<br \/>\u00a0\u00a0\u00a0 Mechanik \/ Instandsetzung<br \/>\u00a0\u00a0\u00a0 \u00d6lwechsel<br \/><br \/><b>Nachr\u00fcstung \/ Zubeh\u00f6r:<\/b><br \/><br \/>\u00a0\u00a0\u00a0 Klimaanlage Wartung und Instandsetzung sowie Sp\u00fclarbeiten<br \/>\u00a0\u00a0\u00a0 Standheizung Einbau-Wartung-Instandsezung<br \/>\u00a0\u00a0\u00a0 Fl\u00fcssiggas-Umr\u00fcstung\/ Autogasanlagen<br \/>\u00a0\u00a0\u00a0 Fl\u00fcssiggasanlagen in Wohnwagen Wohnmobilen<br \/><br \/><b>Service:<\/b><br \/><br \/>\u00a0\u00a0\u00a0 Folienbeschriftung f\u00fcr Fahrzeuge, Werbeschilder, Banner und Schaufenster<br \/>\u00a0\u00a0\u00a0 Leuchtsysteme<br \/>\u00a0\u00a0\u00a0 Textilien f\u00fcr Vereine und Einzelst\u00fccke<br \/>\u00a0\u00a0\u00a0 Siebdruck und Digitaldruck auch f\u00fcr Textilien<br \/>\u00a0\u00a0\u00a0 24h Annahme<br \/>\u00a0\u00a0\u00a0 Mobilit\u00e4tsgarantie<\/p>\n<\/div>\n","protected":false},"excerpt":{"rendered":"","protected":false},"author":10,"featured_media":0,"parent":0,"menu_order":0,"comment_status":"closed","ping_status":"closed","template":"","meta":{"footnotes":""},"class_list":["post-119","page","type-page","status-publish","czr-hentry"],"_links":{"self":[{"href":"https:\/\/blomenkemper.com\/index.php?rest_route=\/wp\/v2\/pages\/119","targetHints":{"allow":["GET"]}}],"collection":[{"href":"https:\/\/blomenkemper.com\/index.php?rest_route=\/wp\/v2\/pages"}],"about":[{"href":"https:\/\/blomenkemper.com\/index.php?rest_route=\/wp\/v2\/types\/page"}],"author":[{"embeddable":true,"href":"https:\/\/blomenkemper.com\/index.php?rest_route=\/wp\/v2\/users\/10"}],"replies":[{"embeddable":true,"href":"https:\/\/blomenkemper.com\/index.php?rest_route=%2Fwp%2Fv2%2Fcomments&post=119"}],"version-history":[{"count":1,"href":"https:\/\/blomenkemper.com\/index.php?rest_route=\/wp\/v2\/pages\/119\/revisions"}],"predecessor-version":[{"id":121,"href":"https:\/\/blomenkemper.com\/index.php?rest_route=\/wp\/v2\/pages\/119\/revisions\/121"}],"wp:attachment":[{"href":"https:\/\/blomenkemper.com\/index.php?rest_route=%2Fwp%2Fv2%2Fmedia&parent=119"}],"curies":[{"name":"wp","href":"https:\/\/api.w.org\/{rel}","templated":true}]}}