{"id":114,"date":"2019-04-20T12:30:30","date_gmt":"2019-04-20T12:30:30","guid":{"rendered":"http:\/\/s405136849.online.de\/?page_id=114"},"modified":"2022-05-05T19:46:39","modified_gmt":"2022-05-05T19:46:39","slug":"autogas","status":"publish","type":"page","link":"https:\/\/blomenkemper.com\/?page_id=114","title":{"rendered":"Autogas"},"content":{"rendered":"\n<div id=\"LayoutLYR\">\n<div id=\"Text4LYR\" class=\"TextObject\">\n<p><b>Sie bezahlen beim Tanken zu viel : Alternative Autogas?<\/b><br \/><br \/>Sie m\u00f6chten beim Tanken sparen und gleichzeitig die <a href=\"https:\/\/blomenkemper.com\/die-umwelt\">Umwelt<\/a> schonen, dann ist Autogas (LPG, Fl\u00fcssiggas) das Richtige f\u00fcr Sie:\u00a0 <a href=\"https:\/\/www.autogasrechner.de\/\">LPG-Rechner<\/a><br \/>Im Gegensatz zu herk\u00f6mmlichen Treibstoffen sind die Steuern bis\u00a0 2018 erm\u00e4\u00dfigt. Aber auch nach 2018 steht der Steuersatz bereits fest und der Gaspreis wird nicht wesentlich h\u00f6her werden. Der erhebliche Vorteil gegen\u00fcber Erdgas ist die geringe Tankgr\u00f6\u00dfe und Gewicht. So passen in die Reserveradmulde je nach Gr\u00f6\u00dfe Tanks von 29 bis 90 Liter, wobei die Reichweite ungef\u00e4hr die von Benzin betr\u00e4gt.<br \/>Wir geraten Sie gerne.<\/p>\n<p><img loading=\"lazy\" decoding=\"async\" class=\"aligncenter wp-image-471 size-full\" src=\"https:\/\/blomenkemper.com\/wp-content\/uploads\/2019\/12\/Tanksaeule2.gif\" alt=\"Autogas\" width=\"201\" height=\"400\" \/><\/p>\n<\/div>\n<div id=\"Bild151LYR\">\u00a0<\/div>\n<\/div>\n","protected":false},"excerpt":{"rendered":"","protected":false},"author":10,"featured_media":0,"parent":0,"menu_order":0,"comment_status":"closed","ping_status":"closed","template":"","meta":{"footnotes":""},"class_list":["post-114","page","type-page","status-publish","czr-hentry"],"_links":{"self":[{"href":"https:\/\/blomenkemper.com\/index.php?rest_route=\/wp\/v2\/pages\/114","targetHints":{"allow":["GET"]}}],"collection":[{"href":"https:\/\/blomenkemper.com\/index.php?rest_route=\/wp\/v2\/pages"}],"about":[{"href":"https:\/\/blomenkemper.com\/index.php?rest_route=\/wp\/v2\/types\/page"}],"author":[{"embeddable":true,"href":"https:\/\/blomenkemper.com\/index.php?rest_route=\/wp\/v2\/users\/10"}],"replies":[{"embeddable":true,"href":"https:\/\/blomenkemper.com\/index.php?rest_route=%2Fwp%2Fv2%2Fcomments&post=114"}],"version-history":[{"count":11,"href":"https:\/\/blomenkemper.com\/index.php?rest_route=\/wp\/v2\/pages\/114\/revisions"}],"predecessor-version":[{"id":567,"href":"https:\/\/blomenkemper.com\/index.php?rest_route=\/wp\/v2\/pages\/114\/revisions\/567"}],"wp:attachment":[{"href":"https:\/\/blomenkemper.com\/index.php?rest_route=%2Fwp%2Fv2%2Fmedia&parent=114"}],"curies":[{"name":"wp","href":"https:\/\/api.w.org\/{rel}","templated":true}]}}