{"id":107,"date":"2019-04-20T12:17:03","date_gmt":"2019-04-20T12:17:03","guid":{"rendered":"http:\/\/s405136849.online.de\/?page_id=107"},"modified":"2019-12-21T21:57:24","modified_gmt":"2019-12-21T21:57:24","slug":"lpg-autogas","status":"publish","type":"page","link":"https:\/\/blomenkemper.com\/?page_id=107","title":{"rendered":"LPG &#8211; Autogas"},"content":{"rendered":"\n<p><b>Was ist Autogas?<\/b><br \/>Bei LPG (Liquified Petrol Gas) handelt es sich um ein Gemisch aus 70% Propan und 30% Butan. Normale Bezinmotoren sind ohne \u00c4nderung der Motormechanik mit LPG betreibbar. Die Klopffestigkeit von LPG liegt mit ca. 110 Oktan sogar weit \u00fcber der von SuperPlus, eine Verwendung selbst in hoch verdichteten Motoren ist \u00fcberhaupt kein Problem. Autogas ist blei- und schwefelfrei, verbrennt r\u00fcckstandslos und schadstoffarm, Lebensdauer von Motor und Z\u00fcndkerzen erh\u00f6hen sich durch Gasbetrieb!<br \/><br \/><b>Welche Vorteile hat Autogas?<\/b><br \/>Nicht nur den ganz immensen Preisvorteil. Wobei dieser nat\u00fcrlich das Hauptargument darstellt &#8211; Gas ist schlie\u00dflich um mehr als die H\u00e4lfte billiger als einfaches Normalbenzin. Interessant hierbei auch, da\u00df die Steuers\u00e4tze auf Fl\u00fcssiggas im Gegensatz zur Mineral\u00f6lsteuer f\u00fcr die n\u00e4chsten Jahre festgeschrieben sind und von keiner Regierung nach Lust und Laune hochgeschraubt werden k\u00f6nnen. Weitere LPG-Vorz\u00fcge bestehen in der extrem r\u00fcckstandsarmen Verbrennung die fast keine Ablagerungen erzeugt. Schwarzschlammbildung wird vermieden, die Lebensdauer des Motors dadurch erh\u00f6ht. Wer m\u00f6chte kann sogar die \u00d6lwechselintervalle verl\u00e4ngern! Ganz nebenbei sinken auch noch die Schadstoffemissionen im Gas- betrieb (ca. 80% weniger reaktive Wasserstoffe und 25% verminderter CO2 Aussto\u00df) &#8211; auch unter rein \u00f6kologischen Gesichtspunkten eine \u00fcberzeugende Sache!<br \/><br \/><b>Explodiert mein Auto?<\/b><br \/>Nein. Zumindest nicht durch Fl\u00fcssiggas. Benzin und Diesel sind um ein vielfaches gef\u00e4hrlicher in der Handhabung. Leider bestehen hier noch viele sachlich nicht fundierte Vorurteile&#8230;<br \/><br \/><b>Weitere Vorteile:<\/b><br \/>Fl\u00fcssiggas (im Folgenden auch Autogas genannt) ist ein nat\u00fcrliches Begeleitprodukt der Erd\u00f6lproduktion und wurde, bevor sich das Benzin als Kraftstoff durchsetzte, als Treibstoff f\u00fcr die ersten Otto-Motoren benutzt! Und auch heute noch, in unserer modernen und technischen Welt, sind der Transport und die Lagerung kein Problem.<br \/><br \/><b>Hier einige Beispiele wo Fl\u00fcssiggas zum Einsatz kommt:<\/b><br \/><br \/>\u00a0\u00a0\u00a0 Camping-Kocher<br \/>\u00a0\u00a0\u00a0 Hei\u00dfluftballon<br \/>\u00a0\u00a0\u00a0 Heizungen in LKW, Boten Wohnwagen und Wohnmobilen<br \/>\u00a0\u00a0\u00a0 Hubfahrzeuge in der Industrie<br \/><br \/>Der Fl\u00fcssiggastank steht unter einem relativ geringen Druck von 8 &#8211; 10 bar (Atmosph\u00e4rendruck = 1,013 bar) und findet bequem in der Reserveradmulde oder im Kofferraum Platz.<br \/>Bei gleichem Tankinhalt ist Autogas gegen\u00fcber einem mit 200 bar betankten Erdgasfahrzeug im der Reichweite 3-fach \u00fcberlegen, oder anders gesagt, der Erdgastank m\u00fcsste 3x so gro\u00df sein, um die selbe Reichweite zu erzielen Auf der st\u00e4ndigen Suche nach alternativen Antriebsenergien, die sowohl den Geldbeutel als auch die Umwelt schonen, gewinnt Fl\u00fcssiggas f\u00fcr Autos einen immer h\u00f6heren Stellenwert. Die vielf\u00e4ltigen Vorteile dieser Energie werden weltweit bereits Millionenfach genutzt und stellen auch in Deutschland eine interessante Alternative dar. Wobei ein stetig wachsendes Versorgungsnetz die Entscheidung erleichtert. Die meisten mit Ottomotoren angetriebenen Fahrzeuge lassen sich heute Problemlos mit einer Autogas-Anlage nachr\u00fcsten und k\u00f6nnen diese umweltgerechte und preiswerte Energie nutzen. Bei Bedarf kann w\u00e4hrend der Fahrt, mittels eines Umschalters am Armaturenbrett zwischen Benzin und Fl\u00fcssiggas gew\u00e4hlt werden, wodurch die Mobilit\u00e4t steigt und die Unabh\u00e4ngigkeit gew\u00e4hrt bleibt.<br \/><br \/>Seite vielen Jahren wird Autogas als Treibstoff genutzt und allein im europ\u00e4ischen Raum fahren heute bereits \u00fcber 3 Millionen Fl\u00fcssiggasbetriebene Fahrzeuge. Dies hat die Entwicklung dieser Technologie beg\u00fcnstigt.<\/p>\n<p><img loading=\"lazy\" decoding=\"async\" class=\"aligncenter wp-image-323 size-full\" src=\"https:\/\/blomenkemper.com\/wp-content\/uploads\/2019\/04\/Tank-LPG.jpg\" alt=\"\" width=\"225\" height=\"225\" srcset=\"https:\/\/blomenkemper.com\/wp-content\/uploads\/2019\/04\/Tank-LPG.jpg 225w, https:\/\/blomenkemper.com\/wp-content\/uploads\/2019\/04\/Tank-LPG-150x150.jpg 150w\" sizes=\"auto, (max-width: 225px) 100vw, 225px\" \/><\/p>\n","protected":false},"excerpt":{"rendered":"","protected":false},"author":10,"featured_media":0,"parent":0,"menu_order":0,"comment_status":"closed","ping_status":"closed","template":"","meta":{"footnotes":""},"class_list":["post-107","page","type-page","status-publish","czr-hentry"],"_links":{"self":[{"href":"https:\/\/blomenkemper.com\/index.php?rest_route=\/wp\/v2\/pages\/107","targetHints":{"allow":["GET"]}}],"collection":[{"href":"https:\/\/blomenkemper.com\/index.php?rest_route=\/wp\/v2\/pages"}],"about":[{"href":"https:\/\/blomenkemper.com\/index.php?rest_route=\/wp\/v2\/types\/page"}],"author":[{"embeddable":true,"href":"https:\/\/blomenkemper.com\/index.php?rest_route=\/wp\/v2\/users\/10"}],"replies":[{"embeddable":true,"href":"https:\/\/blomenkemper.com\/index.php?rest_route=%2Fwp%2Fv2%2Fcomments&post=107"}],"version-history":[{"count":3,"href":"https:\/\/blomenkemper.com\/index.php?rest_route=\/wp\/v2\/pages\/107\/revisions"}],"predecessor-version":[{"id":462,"href":"https:\/\/blomenkemper.com\/index.php?rest_route=\/wp\/v2\/pages\/107\/revisions\/462"}],"wp:attachment":[{"href":"https:\/\/blomenkemper.com\/index.php?rest_route=%2Fwp%2Fv2%2Fmedia&parent=107"}],"curies":[{"name":"wp","href":"https:\/\/api.w.org\/{rel}","templated":true}]}}