{"id":104,"date":"2019-04-20T12:15:58","date_gmt":"2019-04-20T12:15:58","guid":{"rendered":"http:\/\/s405136849.online.de\/?page_id=104"},"modified":"2019-12-21T21:57:50","modified_gmt":"2019-12-21T21:57:50","slug":"die-technik","status":"publish","type":"page","link":"https:\/\/blomenkemper.com\/?page_id=104","title":{"rendered":"Die Technik"},"content":{"rendered":"\n<p><b>Die Komponenten der Gasanlage:<\/b><\/p>\n<p><b><img loading=\"lazy\" decoding=\"async\" class=\"aligncenter wp-image-282 size-full\" src=\"https:\/\/blomenkemper.com\/wp-content\/uploads\/2019\/04\/schema_sq_lpg-1.jpg\" alt=\"\" width=\"499\" height=\"609\" srcset=\"https:\/\/blomenkemper.com\/wp-content\/uploads\/2019\/04\/schema_sq_lpg-1.jpg 499w, https:\/\/blomenkemper.com\/wp-content\/uploads\/2019\/04\/schema_sq_lpg-1-246x300.jpg 246w\" sizes=\"auto, (max-width: 499px) 100vw, 499px\" \/><\/b><\/p>\n<ul>\n<li>Gastank<\/li>\n<li>Steuerelektronik<\/li>\n<li>Verdampfer<\/li>\n<li>Druckregler<\/li>\n<li>Injektoren (Gaseinspritzd\u00fcsen)<\/li>\n<li>Filter<\/li>\n<li>Betankung<\/li>\n<li>Umschalter\/ Tankanzeige<\/li>\n<li>Sicherheitsventile<\/li>\n<li>Gasdrucksensor<\/li>\n<li>Temperaturf\u00fchler Gas\/ K\u00fchlwasser<\/li>\n<li>Map Sensor (Saugrohrdruck)<\/li>\n<\/ul>\n<p>Haben Sie ein \u00e4lteres Fahrzeug? Dann fragen Sie nach unseren ganz besonders g\u00fcnstigen Umr\u00fcstungen. Fahrzeuge mit Monopoint sowie Vergasergemischaufbereitung eignen sich daf\u00fcr. <br \/>\u00a0<br \/><b>Wie funktioniert der Gasbetrieb?<\/b><br \/><br \/>Fahrzeuge mit Otto-Motor sind nach einer Umr\u00fcstung sowohl mit Benzin als auch mit Gas betreibbar. Die Gasanlage besteht aus einem Tank (bei PKW beispielsweise in der Reserveradmulde, der Kofferraum bleibt dann voll erhalten), einigen Leitungen, einem Verdampfer sowie einer elektronisch geregelten Einspritzung mit eigenem Steuerger\u00e4t. Im Steuerger\u00e4t werden Motordaten verwaltet und daraus in Nanosekunden die momentan ben\u00f6tigte Gasmenge errechnet, ein Steuerventil gibt durch Druckminderung genau diese errechnete Menge frei. Bei modernsten Motoren erfolgt die Einspritzung dann besonders effizient Zylinder- selektiv direkt in den Ansaugweg. Bei vielen Fahrzeugen auch schon ohne zus\u00e4tzliche Bohrungen in der Ansaugbr\u00fccke m\u00f6glich.<\/p>\n","protected":false},"excerpt":{"rendered":"","protected":false},"author":10,"featured_media":0,"parent":0,"menu_order":0,"comment_status":"closed","ping_status":"closed","template":"","meta":{"footnotes":""},"class_list":["post-104","page","type-page","status-publish","czr-hentry"],"_links":{"self":[{"href":"https:\/\/blomenkemper.com\/index.php?rest_route=\/wp\/v2\/pages\/104","targetHints":{"allow":["GET"]}}],"collection":[{"href":"https:\/\/blomenkemper.com\/index.php?rest_route=\/wp\/v2\/pages"}],"about":[{"href":"https:\/\/blomenkemper.com\/index.php?rest_route=\/wp\/v2\/types\/page"}],"author":[{"embeddable":true,"href":"https:\/\/blomenkemper.com\/index.php?rest_route=\/wp\/v2\/users\/10"}],"replies":[{"embeddable":true,"href":"https:\/\/blomenkemper.com\/index.php?rest_route=%2Fwp%2Fv2%2Fcomments&post=104"}],"version-history":[{"count":3,"href":"https:\/\/blomenkemper.com\/index.php?rest_route=\/wp\/v2\/pages\/104\/revisions"}],"predecessor-version":[{"id":463,"href":"https:\/\/blomenkemper.com\/index.php?rest_route=\/wp\/v2\/pages\/104\/revisions\/463"}],"wp:attachment":[{"href":"https:\/\/blomenkemper.com\/index.php?rest_route=%2Fwp%2Fv2%2Fmedia&parent=104"}],"curies":[{"name":"wp","href":"https:\/\/api.w.org\/{rel}","templated":true}]}}